
{"id":510,"date":"2016-09-06T10:17:11","date_gmt":"2016-09-06T08:17:11","guid":{"rendered":"http:\/\/attema-sate.nl\/homepage\/"},"modified":"2025-05-13T11:44:51","modified_gmt":"2025-05-13T09:44:51","slug":"homepage","status":"publish","type":"page","link":"https:\/\/attema-sate.nl\/de\/","title":{"rendered":"Homepage"},"content":{"rendered":"\n<p>Am Rande des Yntema-Polders, gegen\u00fcber dem Yachthafen von Gaastmeer, liegt das ehemalige Geh\u00f6ft Attema-Sate, ein Reichsmonument aus dem Jahre 1770. Das Geh\u00f6ft ist \u00fcber eine Br\u00fccke mit dem Dorf verbunden.<\/p>\n","protected":false},"excerpt":{"rendered":"<p>Am Rande des Yntema-Polders, gegen\u00fcber dem Yachthafen von Gaastmeer, liegt das ehemalige Geh\u00f6ft Attema-Sate, ein Reichsmonument aus dem Jahre 1770. Das Geh\u00f6ft ist \u00fcber eine Br\u00fccke mit dem Dorf verbunden.<\/p>\n","protected":false},"author":1,"featured_media":1613,"parent":0,"menu_order":6,"comment_status":"closed","ping_status":"closed","template":"","meta":{"_acf_changed":false,"footnotes":""},"class_list":["post-510","page","type-page","status-publish","has-post-thumbnail","hentry"],"acf":[],"_links":{"self":[{"href":"https:\/\/attema-sate.nl\/de\/wp-json\/wp\/v2\/pages\/510","targetHints":{"allow":["GET"]}}],"collection":[{"href":"https:\/\/attema-sate.nl\/de\/wp-json\/wp\/v2\/pages"}],"about":[{"href":"https:\/\/attema-sate.nl\/de\/wp-json\/wp\/v2\/types\/page"}],"author":[{"embeddable":true,"href":"https:\/\/attema-sate.nl\/de\/wp-json\/wp\/v2\/users\/1"}],"replies":[{"embeddable":true,"href":"https:\/\/attema-sate.nl\/de\/wp-json\/wp\/v2\/comments?post=510"}],"version-history":[{"count":15,"href":"https:\/\/attema-sate.nl\/de\/wp-json\/wp\/v2\/pages\/510\/revisions"}],"predecessor-version":[{"id":2983,"href":"https:\/\/attema-sate.nl\/de\/wp-json\/wp\/v2\/pages\/510\/revisions\/2983"}],"wp:featuredmedia":[{"embeddable":true,"href":"https:\/\/attema-sate.nl\/de\/wp-json\/wp\/v2\/media\/1613"}],"wp:attachment":[{"href":"https:\/\/attema-sate.nl\/de\/wp-json\/wp\/v2\/media?parent=510"}],"curies":[{"name":"wp","href":"https:\/\/api.w.org\/{rel}","templated":true}]}}